{"id":958,"date":"2018-09-13T19:50:06","date_gmt":"2018-09-13T17:50:06","guid":{"rendered":"http:\/\/2018.ms-cooper.de\/?page_id=958"},"modified":"2023-02-25T19:21:38","modified_gmt":"2023-02-25T18:21:38","slug":"datenschutz","status":"publish","type":"page","link":"http:\/\/www.ms-cooper.de\/?page_id=958","title":{"rendered":"Datenschutzerkl\u00e4rung"},"content":{"rendered":"<p>Verantwortliche Stelle im Sinne der Datenschutzgesetze ist:<\/p>\n<p>Ms. Cooper<br \/>\nChristin H\u00fcner<br \/>\nMeierweg 5<br \/>\n29690 Buchholz (Aller) \u2013 OT Marklendorf<br \/>\nTel. +49 (0) 5071 97 91 994<br \/>\nFax +49 (0) 5071 97 91 995<br \/>\ninfo(at)ms-cooper.de<\/p>\n<p><strong>Datenschutz<\/strong><\/p>\n<p>Die Betreiber dieser Seiten nehmen den Schutz Ihrer pers\u00f6nlichen Daten sehr ernst. Wir behandeln Ihre personenbezogenen Daten vertraulich und entsprechend der gesetzlichen Datenschutzvorschriften sowie dieser Datenschutzerkl\u00e4rung.<\/p>\n<p>Die Nutzung unserer Website ist in der Regel ohne Angabe personenbezogener Daten m\u00f6glich. Soweit auf unseren Seiten personenbezogene Daten (beispielsweise Name, Anschrift oder E-Mail-Adressen) erhoben werden, erfolgt dies, soweit m\u00f6glich, stets auf freiwilliger Basis. Diese Daten werden ohne Ihre ausdr\u00fcckliche Zustimmung nicht an Dritte weitergegeben.<\/p>\n<p>Wir weisen darauf hin, dass die Daten\u00fcbertragung im Internet (z.B. bei der Kommunikation per E-Mail) Sicherheitsl\u00fccken aufweisen kann. Ein l\u00fcckenloser Schutz der Daten vor dem Zugriff durch Dritte ist nicht m\u00f6glich.<\/p>\n<p><strong>Erfassung allgemeiner Informationen<\/strong><\/p>\n<p>Wenn Sie auf unsere Webseite zugreifen, werden automatisch Informationen allgemeiner Natur erfasst. Diese Informationen (Server-Logfiles) beinhalten etwa die Art des Webbrowsers, das verwendete Betriebssystem, den Domainnamen Ihres Internet Service Providers und \u00c4hnliches. Hierbei handelt es sich ausschlie\u00dflich um Informationen, welche keine R\u00fcckschl\u00fcsse auf Ihre Person zulassen. Diese Informationen sind technisch notwendig, um von Ihnen angeforderte Inhalte von Webseiten korrekt auszuliefern und fallen bei Nutzung des Internets zwingend an. Anonyme Informationen dieser Art werden von uns statistisch ausgewertet, um unseren Internetauftritt und die dahinterstehende Technik zu optimieren.<\/p>\n<p><strong>Cookies<\/strong><\/p>\n<p>Die Internetseiten verwenden teilweise so genannte Cookies. Cookies richten auf Ihrem Rechner keinen Schaden an und enthalten keine Viren. Cookies dienen dazu, unser Angebot nutzerfreundlicher, effektiver und sicherer zu machen. Cookies sind kleine Textdateien, die auf Ihrem Rechner abgelegt werden und die Ihr Browser speichert.<\/p>\n<p>Die meisten der von uns verwendeten Cookies sind so genannte \u201eSession-Cookies\u201c. Sie werden nach Ende Ihres Besuchs automatisch gel\u00f6scht. Andere Cookies bleiben auf Ihrem Endger\u00e4t gespeichert, bis Sie diese l\u00f6schen. Diese Cookies erm\u00f6glichen es uns, Ihren Browser beim n\u00e4chsten Besuch wiederzuerkennen.<\/p>\n<p>Sie k\u00f6nnen Ihren Browser so einstellen, dass Sie \u00fcber das Setzen von Cookies informiert werden und Cookies nur im Einzelfall erlauben, die Annahme von Cookies f\u00fcr bestimmte F\u00e4lle oder generell ausschlie\u00dfen sowie das automatische L\u00f6schen der Cookies beim Schlie\u00dfen des Browser aktivieren. Bei der Deaktivierung von Cookies kann die Funktionalit\u00e4t dieser Website eingeschr\u00e4nkt sein.<\/p>\n<p><strong>Server-Log-Files<\/strong><\/p>\n<p>Der Provider der Seiten erhebt und speichert automatisch Informationen in so genannten Server-Log Files, die Ihr Browser automatisch an uns \u00fcbermittelt. Dies sind:<\/p>\n<ul>\n<li>Browsertyp und Browserversion<\/li>\n<li>verwendetes Betriebssystem<\/li>\n<li>Referrer URL<\/li>\n<li>Hostname des zugreifenden Rechners<\/li>\n<li>Uhrzeit der Serveranfrage<\/li>\n<\/ul>\n<p>Diese Daten sind nicht bestimmten Personen zuordenbar. Eine Zusammenf\u00fchrung dieser Daten mit anderen Datenquellen wird nicht vorgenommen. Wir behalten uns vor, diese Daten nachtr\u00e4glich zu pr\u00fcfen, wenn uns konkrete Anhaltspunkte f\u00fcr eine rechtswidrige Nutzung bekannt werden.<\/p>\n<p><strong>Newsletter<\/strong><\/p>\n<p>Bei der Anmeldung zum Bezug unseres Newsletters werden die von Ihnen angegebenen Daten ausschlie\u00dflich f\u00fcr diesen Zweck verwendet. Abonnenten k\u00f6nnen auch \u00fcber Umst\u00e4nde per E-Mail informiert werden, die f\u00fcr den Dienst oder die Registrierung relevant sind (Beispielsweise \u00c4nderungen des Newsletterangebots oder technische Gegebenheiten).<\/p>\n<p>F\u00fcr eine wirksame Registrierung ben\u00f6tigen wir eine valide E-Mail-Adresse. Um zu \u00fcberpr\u00fcfen, dass eine Anmeldung tats\u00e4chlich durch den Inhaber einer E-Mail-Adresse erfolgt, setzen wir das \u201eDouble-opt-in\u201c-Verfahren ein. Hierzu protokollieren wir die Bestellung des Newsletters, den Versand einer Best\u00e4tigungsmail und den Eingang der hiermit angeforderten Antwort. Weitere Daten werden nicht erhoben. Die Daten werden ausschlie\u00dflich f\u00fcr den Newsletterversand verwendet und nicht an Dritte weitergegeben.<\/p>\n<p>Die Einwilligung zur Speicherung Ihrer pers\u00f6nlichen Daten und ihrer Nutzung f\u00fcr den Newsletterversand k\u00f6nnen Sie jederzeit widerrufen. In jedem Newsletter findet sich dazu ein entsprechender Link. Au\u00dferdem k\u00f6nnen Sie sich jederzeit auch direkt auf dieser Webseite abmelden oder uns Ihren entsprechenden Wunsch \u00fcber die am Ende dieser Datenschutzhinweise angegebene Kontaktm\u00f6glichkeit mitteilen.<\/p>\n<p><strong>L\u00f6schung bzw. Sperrung der Daten<\/strong><\/p>\n<p>Wir halten uns an die Grunds\u00e4tze der Datenvermeidung und Datensparsamkeit. Wir speichern Ihre personenbezogenen Daten daher nur so lange, wie dies zur Erreichung der hier genannten Zwecke erforderlich ist oder wie es die vom Gesetzgeber vorgesehenen vielf\u00e4ltigen Speicherfristen vorsehen. Nach Fortfall des jeweiligen Zweckes bzw. Ablauf dieser Fristen werden die entsprechenden Daten routinem\u00e4\u00dfig und entsprechend den gesetzlichen Vorschriften gesperrt oder gel\u00f6scht.<\/p>\n<p><strong>Verwendung von Scriptbibliotheken (Google Webfonts)<\/strong><\/p>\n<p>Um unsere Inhalte browser\u00fcbergreifend korrekt und grafisch ansprechend darzustellen, verwenden wir auf dieser Website Scriptbibliotheken und Schriftbibliotheken wie z. B. Google Webfonts (<a href=\"http:\/\/www.google.com\/webfonts\/\">https:\/\/www.google.com\/webfonts\/<\/a>). Google Webfonts werden zur Vermeidung mehrfachen Ladens in den Cache Ihres Browsers \u00fcbertragen. Falls der Browser die Google Webfonts nicht unterst\u00fctzt oder den Zugriff unterbindet, werden Inhalte in einer Standardschrift angezeigt.<\/p>\n<p>Der Aufruf von Scriptbibliotheken oder Schriftbibliotheken l\u00f6st automatisch eine Verbindung zum Betreiber der Bibliothek aus. Dabei ist es theoretisch m\u00f6glich \u2013 aktuell allerdings auch unklar ob und ggf. zu welchen Zwecken \u2013 dass Betreiber entsprechender Bibliotheken Daten erheben.<\/p>\n<p>Die Datenschutzrichtlinie des Bibliothekbetreibers Google finden Sie hier: <a href=\"https:\/\/www.google.com\/policies\/privacy\/\">https:\/\/www.google.com\/policies\/privacy\/<\/a><\/p>\n<p><strong>Datenschutzerkl\u00e4rung f\u00fcr WordPress<\/strong><\/p>\n<p>Diese Website benutzt <a href=\"http:\/\/wordpress.org\/extend\/plugins\/stats\/\">WordPress.com-Stats<\/a>, ein Tool zur statistischen Auswertung der Besucherzugriffe, betrieben von <a href=\"http:\/\/automattic.com\">Automattic<\/a> Inc., 60 29th Street #343, San Francisco, CA 94110-4929, USA,\u00a0unter Einsatz der Trackingtechnologie von <a href=\"http:\/\/www.quantcast.com\">Quantcast<\/a> Inc.,\u00a0201 3rd St, Floor 2, San Francisco, CA 94103-3153, USA. WordPress.com-Stats\u00a0\u00a0verwendet sog. \u201eCookies\u201c, Textdateien, die auf Ihrem Computer gespeichert werden und die eine Analyse der Benutzung der Website durch Sie erm\u00f6glichen. Die durch den Cookie erzeugten Informationen \u00fcber Ihre Benutzung dieses Internetangebotes werden auf einem Server in den USA gespeichert.\u00a0Die IP-Adresse wird sofort nach der Verarbeitung und vor deren Speicherung anonymisiert.\u00a0Sie k\u00f6nnen die Installation der Cookies durch eine entsprechende Einstellung Ihrer Browser-Software verhindern; wir weisen Sie jedoch darauf hin, dass Sie in diesem Fall gegebenenfalls nicht s\u00e4mtliche Funktionen dieser Website vollumf\u00e4nglich nutzen k\u00f6nnen. Sie k\u00f6nnen der Erhebung und Nutzung der Daten durch Quantcast mit Wirkung f\u00fcr die Zukunft widersprechen, indem Sie an dieser Stelle durch einen Klick auf den Link \u201eClick here to opt-out\u201c\u00a0ein Opt-Out-Cookie in Ihrem Browser setzen: <a href=\"http:\/\/www.quantcast.com\/opt-out\">http:\/\/www.quantcast.com\/opt-out<\/a>.<\/p>\n<p>Sollten Sie alle Cookies auf Ihrem Rechner l\u00f6schen, m\u00fcssen Sie das Opt-Out-Cookie erneut setzen.<\/p>\n<p><strong>Ihre Rechte auf Auskunft, Berichtigung, Sperre, L\u00f6schung und Widerspruch<\/strong><\/p>\n<p>Sie haben das Recht, jederzeit Auskunft \u00fcber Ihre bei uns gespeicherten personenbezogenen Daten zu erhalten. Ebenso haben Sie das Recht auf Berichtigung, Sperrung oder, abgesehen von der vorgeschriebenen Datenspeicherung zur Gesch\u00e4ftsabwicklung, L\u00f6schung Ihrer personenbezogenen Daten. Bitte wenden Sie sich dazu an unseren Datenschutzbeauftragten. Die Kontaktdaten finden Sie ganz unten.<\/p>\n<p>Damit eine Sperre von Daten jederzeit ber\u00fccksichtigt werden kann, m\u00fcssen diese Daten zu Kontrollzwecken in einer Sperrdatei vorgehalten werden. Sie k\u00f6nnen auch die L\u00f6schung der Daten verlangen, soweit keine gesetzliche Archivierungsverpflichtung besteht. Soweit eine solche Verpflichtung besteht, sperren wir Ihre Daten auf Wunsch.<\/p>\n<p>Sie k\u00f6nnen \u00c4nderungen oder den Widerruf einer Einwilligung durch entsprechende Mitteilung an uns mit Wirkung f\u00fcr die Zukunft vornehmen.<\/p>\n<p><strong>Widerspruch Werbe-Mails<\/strong><\/p>\n<p>Der Nutzung von im Rahmen der Impressumspflicht ver\u00f6ffentlichten Kontaktdaten zur \u00dcbersendung von nicht ausdr\u00fccklich angeforderter Werbung und Informationsmaterialien wird hiermit widersprochen. Die Betreiber der Seiten behalten sich ausdr\u00fccklich rechtliche Schritte im Falle der unverlangten Zusendung von Werbeinformationen, etwa durch Spam-E-Mails, vor.<\/p>\n<p><strong>\u00c4nderung unserer Datenschutzbestimmungen<\/strong><\/p>\n<p>Wir behalten uns vor, diese Datenschutzerkl\u00e4rung gelegentlich anzupassen, damit sie stets den aktuellen rechtlichen Anforderungen entspricht oder um \u00c4nderungen unserer Leistungen in der Datenschutzerkl\u00e4rung umzusetzen, z. B. bei der Einf\u00fchrung neuer Services. F\u00fcr Ihren erneuten Besuch gilt dann die neue Datenschutzerkl\u00e4rung.<\/p>\n<h1><strong>Datenschutzerkl\u00e4rung zum Ms.Cooper-WhatsApp-Update<\/strong><\/h1>\n<p>Wir von Ms.Cooper nehmen den Schutz personenbezogener Daten sehr ernst. Die Einhaltung der Bestimmungen zum Datenschutz ist f\u00fcr uns selbstverst\u00e4ndlich. Es ist uns wichtig, dass Sie wissen, wann wir welche Daten erheben und verarbeiten und wie wir sie nutzen.<\/p>\n<p>Wir von Ms.Cooper greifen f\u00fcr den Nachrichtendienst WhatsApp (im Folgenden &#8222;Dienst&#8220;) auf die technische Plattform und die Dienste der WhatsApp, Inc., 1601 Willow Road, Menlo Park, California 94025, USA mit der Datenschutzerkl\u00e4rung abrufbar unter\u00a0<a href=\"https:\/\/www.whatsapp.com\/legal\/#privacy-policy\">https:\/\/www.whatsapp.com\/legal\/#privacy-policy<\/a>\u00a0zur\u00fcck. WhatsApp ist ein Teil der Facebook-Unternehmensgruppe.<\/p>\n<p>Wir sind in diesem Kontext selbst nur ein Nutzer der Dienste und Funktionen, die WhatsApp zur Verf\u00fcgung stellt. Wir haben keinerlei Einfluss darauf, zu welchen Bedingungen und Konditionen WhatsApp dies tut. Dies gilt auch und gerade in Bezug auf die datenschutzrechtlichen Rahmenbedingungen, die mit der Nutzung von WhatsApp verbunden sind. Wenn sie mit uns \u00fcber unseren Auftritt bei WhatsApp in Kontakt treten, bedeutet dies, dass nicht nur wir mit allen personenbezogenen Daten in Kontakt kommen, die Sie in diesem Kontext offenlegen, sondern auch WhatsApp.<\/p>\n<ol>\n<li><strong> Datenverarbeitung durch WhatsApp<\/strong><\/li>\n<\/ol>\n<p>Die bei der Nutzung des Dienstes \u00fcber Sie erhobenen Daten werden von dem Anbieter verarbeitet und dabei gegebenenfalls in L\u00e4nder au\u00dferhalb der Europ\u00e4ischen Union \u00fcbermittelt. Wir haben keinen Einfluss auf die Art und den Umfang der durch den Anbieter verarbeiteten Daten, die Art der Verarbeitung und Nutzung oder die Weitergabe dieser Daten an Dritte, insbesondere in L\u00e4nder au\u00dferhalb der Europ\u00e4ischen Union.<br \/>\nAngaben dar\u00fcber, welche Daten durch den Anbieter verarbeitet und zu welchen Zwecken genutzt werden, finden Sie in der Datenschutzerkl\u00e4rung des Dienstes, die sich hier einsehen k\u00f6nnen:\u00a0<a href=\"https:\/\/www.whatsapp.com\/legal\/#privacy-policy\">www.whatsapp.com\/legal\/<\/a><\/p>\n<p>Im Wesentlichen handelt es sich hierbei um die folgenden Daten:<\/p>\n<ul>\n<li>Registrierungsdaten, wie Profilname und Handynummer<\/li>\n<li>Telefonnummern im Mobiltelefon-Adressbuch<\/li>\n<li>Nutzungs- und Log-Informationen (Informationen zur Nutzung des Dienstes)<\/li>\n<li>Transaktionsdaten (z. B. Zahlungsbelege)<\/li>\n<li>Verbindungsdaten, wie Angaben zum Mobilfunknetz,<\/li>\n<li>Verbindungs- und Ger\u00e4teinformationen, wie Betriebssystem, Ger\u00e4te-ID, Ger\u00e4testandort (sofern Standort-Funktionen genutzt werden), Mobilfunk- oder Internetanbieter, Browsertyp, IP-Adresse, Browsertyp<\/li>\n<li>Status-Informationen (\u201eZuletzt-Online\u201c-Status)<\/li>\n<\/ul>\n<p>In welcher Weise der Anbieter die Daten aus der Nutzung des Dienstes f\u00fcr eigene Zwecke verwendet, in welchem Umfang Ihre Interaktionen mit dem Dienst einzelnen Nutzerprofilen zugeordnet werden, wie lange der Anbieter diese Daten speichert und ob Daten an Dritte weitergegeben werden, wird vom Anbieter nicht abschlie\u00dfend und klar beantwortet und ist uns nicht bekannt. Wir von Ms.Cooper haben demnach weder genaue Kenntnis noch Einfluss auf die Datenverarbeitung durch WhatsApp.<\/p>\n<p>Wir weisen Sie darauf hin, dass WhatsApp personenbezogene Daten (insbesondere Metadaten der Kommunikation) erh\u00e4lt, die auch auf Servern in Staaten au\u00dferhalb der EU (z.B. USA) verarbeitet werden, in denen kein angemessenes Datenschutzniveau gew\u00e4hrleistet werden kann. Dadurch, dass der Dienst von einem au\u00dfereurop\u00e4ischen Anbieter angeboten wird, der eine europ\u00e4ische Niederlassung nur in Irland hat, ist dieser nach eigener Lesart nicht an deutsche Datenschutzvorschriften gebunden. Dies kann sich auch auf Ihre Betroffenenrechte nach Art. 15 ff. DSGVO (Auskunftsrecht, Recht auf Berichtigung, L\u00f6schung, Einschr\u00e4nkung der Verarbeitung, Recht auf Daten\u00fcbertragbarkeit, Widerspruchsrecht) auswirken. Die WhatsApp Inc. ist allerdings unter dem Privacy-Shield-Abkommen zertifiziert. Weitere Informationen hierzu finden Sie unter:\u00a0<a href=\"https:\/\/www.privacyshield.gov\/participant?id=a2zt0000000GnywAAC&amp;status=Active\">https:\/\/www.privacyshield.gov\/participant?id=a2zt0000000GnywAAC&amp;status=Active<\/a>.<\/p>\n<p>Sie k\u00f6nnen bei mobilen Endger\u00e4ten in den dortigen Einstellm\u00f6glichkeiten den Zugriff des Dienstes auf Kontakt- und Kalenderdaten, Fotos, Standortdaten etc. beschr\u00e4nken. Dies ist jedoch abh\u00e4ngig vom genutzten Betriebssystem.<\/p>\n<ol start=\"2\">\n<li><strong> Datenverarbeitung durch Ms.Cooper<\/strong><\/li>\n<\/ol>\n<p>Mit dem Versenden einer Startnachricht an Ms.Cooper (nachfolgend Versender) willigen Sie gem\u00e4\u00df Art. 6 Abs.1 lit. a DSGVO ein, dass der Versender ihre personenbezogenen Daten (Telefonnummer, Messenger-ID, Profilbild, Nachrichten) zu der direkten Kommunikation und der daf\u00fcr erforderlichen Datenverarbeitung unter Nutzung von WhatsApp verwendet. F\u00fcr die Nutzung dieses Dienstes wird ein bestehendes Messaging-Konto bei WhatsApp ben\u00f6tigt. Ihre Einwilligung in diese Datenverarbeitung ist jederzeit durch Eingabe \u201eSTOP\u201c frei widerrufbar. Um alle von Ihnen bei unserem Dienstleister gespeicherten Daten entfernen zu lassen, senden Sie eine Nachricht mit dem Text \u201eALLE DATEN LOESCHEN\u201c \u00fcber WhatsApp.<\/p>\n<p><strong>Kontaktdaten von Ms.Cooper<\/strong><br \/>\nMs. Cooper<br \/>\nMeierweg 5<br \/>\n29690 Buchholz (Aller) \u2013 OT.: Marklendorf<\/p>\n<p>E-Mail:\u00a0<a href=\"mailto:info@ms-cooper.de\">info@ms-cooper.de<\/a><br \/>\nTelefon: 05071 9791994<\/p>\n<p>Fax: 05071 9791995<\/p>\n<ol start=\"3\">\n<li><strong> Kontaktdaten Datenschutzbeauftragter<\/strong><\/li>\n<\/ol>\n<p>Falls Sie Anregungen oder Fragen zum Datenschutz bei Ms.Cooper haben sollten, wenden Sie sich bitte an unsere\/n Datenschutzbeauftragte\/n<\/p>\n<p>Per Post an<br \/>\nMs.Cooper<br \/>\nDatenschutzbeauftragte\/r<br \/>\nMeierweg 5<br \/>\n29690 Buchholz (Aller) \u2013 OT.: Marklendorf<\/p>\n<p>oder per Mail an<br \/>\n<a href=\"mailto:info@ms-cooper.de\">datenschutz@ms-cooper.de<\/a><\/p>\n<ol start=\"4\">\n<li><strong> Zweck der Datenverarbeitung von Ms.Cooper und Rechtsgrundlage<\/strong><\/li>\n<\/ol>\n<p>Wir von Ms.Cooper verarbeiten und nutzen Ihre Daten zu Zwecken, die sich aus den Erfordernissen zum Empfang des WhatsApp-Newsletters ergeben, aufgrund Ihrer Einwilligung.<br \/>\nWir von Ms.Cooper speichern f\u00fcr die Nutzung des WhatsApp-Newsletters folgende Daten:<\/p>\n<ul>\n<li>Mobilfunknummer<\/li>\n<li>Profilbild<\/li>\n<li>Messenger-ID<\/li>\n<li>Nachrichten<\/li>\n<\/ul>\n<ol start=\"5\">\n<li><strong> Empf\u00e4nger der Daten<\/strong><\/li>\n<\/ol>\n<p>Wir von Ms.Cooper bedienen uns im Zusammenhang mit den in dieser Datenschutzerkl\u00e4rung genannten Datenverwendungen der Leistungen keiner Dritten.<\/p>\n<ol start=\"6\">\n<li><strong> Datenl\u00f6schung\/Datensperrung (Dauer der Speicherung)<\/strong><\/li>\n<\/ol>\n<p>Ihre Daten bleiben solange gespeichert, bis Sie sich abmelden. Sie k\u00f6nnen sich jederzeit abmelden, indem Sie eine Nachricht mit \u201eStopp\u201c an den Ms.Cooper-WhatsApp-Kanal senden. Ihre Daten werden nach Ihrer Abmeldung vollst\u00e4ndig gel\u00f6scht. Sie k\u00f6nnen Ihre Daten auch jederzeit selbst l\u00f6schen, indem Sie eine Nachricht mit &#8222;ALLE DATEN LOESCHEN&#8220; senden.<br \/>\nUm Ihre Daten auf WhatsApp vollumf\u00e4nglich l\u00f6schen zu lassen, m\u00fcssen wir Sie auf die Datenschutzerkl\u00e4rung und Kontaktm\u00f6glichkeit von WhatsApp verweisen.<\/p>\n<ol start=\"7\">\n<li><strong> Rechte auf Auskunft und Widerruf<\/strong><\/li>\n<\/ol>\n<p>Sie haben das Recht, Auskunft \u00fcber Ihre bei Ms.Cooper gespeicherten personenbezogenen Daten sowie zu deren Herkunft, Empf\u00e4ngern oder Kategorien von Empf\u00e4ngern, an die diese Daten weitergegeben werden und den Zweck der Speicherung zu erhalten. F\u00fcr den Fall, dass die Daten unrichtig sind, haben Sie das Recht, diese Daten berichtigen zu lassen. Weiter haben Sie das Recht, Ihre Daten l\u00f6schen oder einschr\u00e4nken (sperren) zu lassen, wenn die Speicherung unzul\u00e4ssig oder nicht mehr erforderlich ist. Dabei sind gesetzliche Aufbewahrungsfristen zu beachten. Wenn Sie eine Einwilligung zur Nutzung von Daten erteilt haben, k\u00f6nnen Sie diese jederzeit widerrufen. Um von diesen Rechten Gebrauch zu machen, k\u00f6nnen Sie sich per E-Mail an datenschutz@ms-cooper.de oder schriftlich an die oben genannten Adressen wenden.<\/p>\n<p>Sie haben ein Beschwerderecht bei der Aufsichtsbeh\u00f6rde. In Niedersachsen: Landesbeauftragter f\u00fcr den Datenschutz und die Informationsfreiheit, Prinzenstra\u00dfe 5, 30159 Hannover.<\/p>\n<p>Stand: 12. Juni 2019<\/p>\n","protected":false},"excerpt":{"rendered":"<p>Verantwortliche Stelle im Sinne der Datenschutzgesetze ist: Ms. Cooper Christin H\u00fcner Meierweg 5 29690 Buchholz (Aller) \u2013 OT Marklendorf Tel.&hellip;<\/p>\n","protected":false},"author":3,"featured_media":0,"parent":0,"menu_order":0,"comment_status":"closed","ping_status":"closed","template":"","meta":[],"aioseo_notices":[],"_links":{"self":[{"href":"http:\/\/www.ms-cooper.de\/index.php?rest_route=\/wp\/v2\/pages\/958"}],"collection":[{"href":"http:\/\/www.ms-cooper.de\/index.php?rest_route=\/wp\/v2\/pages"}],"about":[{"href":"http:\/\/www.ms-cooper.de\/index.php?rest_route=\/wp\/v2\/types\/page"}],"author":[{"embeddable":true,"href":"http:\/\/www.ms-cooper.de\/index.php?rest_route=\/wp\/v2\/users\/3"}],"replies":[{"embeddable":true,"href":"http:\/\/www.ms-cooper.de\/index.php?rest_route=%2Fwp%2Fv2%2Fcomments&post=958"}],"version-history":[{"count":8,"href":"http:\/\/www.ms-cooper.de\/index.php?rest_route=\/wp\/v2\/pages\/958\/revisions"}],"predecessor-version":[{"id":1187,"href":"http:\/\/www.ms-cooper.de\/index.php?rest_route=\/wp\/v2\/pages\/958\/revisions\/1187"}],"wp:attachment":[{"href":"http:\/\/www.ms-cooper.de\/index.php?rest_route=%2Fwp%2Fv2%2Fmedia&parent=958"}],"curies":[{"name":"wp","href":"https:\/\/api.w.org\/{rel}","templated":true}]}}