{"id":71,"date":"2019-02-28T22:20:23","date_gmt":"2019-02-28T21:20:23","guid":{"rendered":"http:\/\/lapa.la-studioweb.com\/?page_id=71"},"modified":"2023-02-25T19:07:54","modified_gmt":"2023-02-25T18:07:54","slug":"home-03","status":"publish","type":"page","link":"http:\/\/www.ms-cooper.de\/","title":{"rendered":"Home"},"content":{"rendered":"<p>[vc_row][vc_column][rev_slider_vc alias=&#8220;home-03&#8243;][\/vc_column][\/vc_row][vc_row][vc_column]<div id=\"la_divider69ddfd6c60ef5\" class=\"js-el la-divider la-unit-responsive\" data-la_component=\"UnitResponsive\"  data-el_target='#la_divider69ddfd6c60ef5'  data-el_media_sizes='{&quot;padding-top&quot;:&quot;lg:25px;&quot;}' ><\/div>\n[vc_text_separator title=&#8220;Ms.Cooper \u2013 Kleider &amp; Kostbares&#8220; color=&#8220;custom&#8220; style=&#8220;shadow&#8220; accent_color=&#8220;#003554&#8243;][\/vc_column][\/vc_row][vc_row css=&#8220;.vc_custom_1536863000760{padding-right: 20px !important;padding-left: 20px !important;}&#8220; el_id=&#8220;ueber-uns&#8220;][vc_column width=&#8220;1\/2&#8243;][vc_single_image image=&#8220;982&#8243; img_size=&#8220;full&#8220; onclick=&#8220;custom_link&#8220; img_link_target=&#8220;_blank&#8220; el_class=&#8220;margin-bottom-0&#8243; link=&#8220;http:\/\/www.ms-cooper-shop.de\/&#8220;][\/vc_column][vc_column width=&#8220;1\/2&#8243; css=&#8220;.vc_custom_1521077230501{margin-top: -20px !important;}&#8220;]<div id=\"la_divider69ddfd6c60fb8\" class=\"js-el la-divider la-unit-responsive\" data-la_component=\"UnitResponsive\"  data-el_target='#la_divider69ddfd6c60fb8'  data-el_media_sizes='{&quot;padding-top&quot;:&quot;lg:40px;&quot;}' ><\/div>\n<div id=\"la_heading_69ddfd6c612f0\" class=\"la-headings text-left\"><div class=\"js-el subheading-tag la-unit-responsive\" style=\"\"  data-la_component=\"UnitResponsive\"  data-el_target='#la_heading_69ddfd6c612f0 .subheading-tag'  data-el_media_sizes='{&quot;font-size&quot;:&quot;lg:14px;&quot;,&quot;line-height&quot;:&quot;lg:30px;&quot;}' ><p>Wir bieten f\u00fcr alle Frauen, die Alltagskleidung mit modischem Anspruch suchen,<br \/>\nein umfangreiches Sortiment an Oberbekleidung, Jeans und Schmuck, erg\u00e4nzt<br \/>\ndurch Taschen, Schuhe und Accessoires.<\/p>\n<p>Auf dieser Internetseite k\u00f6nnen Sie schon mal ein wenig st\u00f6bern, sich \u00fcber<br \/>\nunsere Marken informieren oder den k\u00fcrzesten Weg zu uns herausfinden.<\/p>\n<p>Wir erhalten monatlich neue Ware \u2013 vorbeischauen lohnt sich also immer!<\/p>\n<p>Wir freuen uns auf Ihren Besuch.<\/p>\n<p>Ihr Team von<br \/>\nMs.Cooper \u2013 Kleider &amp; Kostbares<\/p>\n<\/div><\/div>\n<div id=\"la_divider69ddfd6c613d1\" class=\"js-el la-divider la-unit-responsive\" data-la_component=\"UnitResponsive\"  data-el_target='#la_divider69ddfd6c613d1'  data-el_media_sizes='{&quot;padding-top&quot;:&quot;lg:40px;&quot;}' ><\/div>\n[\/vc_column][\/vc_row][vc_row][vc_column]<div id=\"la_divider69ddfd6c61410\" class=\"js-el la-divider la-unit-responsive\" data-la_component=\"UnitResponsive\"  data-el_target='#la_divider69ddfd6c61410'  data-el_media_sizes='{&quot;padding-top&quot;:&quot;lg:30px;&quot;}' ><\/div>\n[vc_text_separator title=&#8220;&#8220; color=&#8220;custom&#8220; style=&#8220;shadow&#8220; accent_color=&#8220;#003554&#8243;]<div id=\"la_divider69ddfd6c61441\" class=\"js-el la-divider la-unit-responsive\" data-la_component=\"UnitResponsive\"  data-el_target='#la_divider69ddfd6c61441'  data-el_media_sizes='{&quot;padding-top&quot;:&quot;lg:30px;&quot;}' ><\/div>\n[\/vc_column][\/vc_row][vc_row css=&#8220;.vc_custom_1536863082226{padding-right: 20px !important;padding-left: 20px !important;}&#8220; el_id=&#8220;shop&#8220;][vc_column width=&#8220;1\/2&#8243;]<div id=\"la_divider69ddfd6c61471\" class=\"js-el la-divider la-unit-responsive\" data-la_component=\"UnitResponsive\"  data-el_target='#la_divider69ddfd6c61471'  data-el_media_sizes='{&quot;padding-top&quot;:&quot;lg:100px;&quot;}' ><\/div>\n<div id=\"la_heading_69ddfd6c614ab\" class=\"la-headings text-center\"><div class=\"js-el subheading-tag la-unit-responsive\" style=\"\"  data-la_component=\"UnitResponsive\"  data-el_target='#la_heading_69ddfd6c614ab .subheading-tag'  data-el_media_sizes='{&quot;font-size&quot;:&quot;lg:14px;&quot;,&quot;line-height&quot;:&quot;lg:30px;&quot;}' ><p>Bei Ms.Cooper k\u00f6nnen Sie jetzt unter<br \/>\n<strong><a title=\"http:\/\/www.ms-cooper-shop.de\" href=\"http:\/\/www.ms-cooper-shop.de\/\" target=\"_blank\" rel=\"noopener noreferrer\">www.ms-cooper-shop.de<\/a> <\/strong><br \/>\nauch rund um die Uhr einkaufen!<\/p>\n<\/div><\/div>\n<div id=\"la_divider69ddfd6c6151c\" class=\"js-el la-divider la-unit-responsive\" data-la_component=\"UnitResponsive\"  data-el_target='#la_divider69ddfd6c6151c'  data-el_media_sizes='{&quot;padding-top&quot;:&quot;lg:40px;&quot;}' ><\/div>\n[vc_single_image image=&#8220;894&#8243; img_size=&#8220;full&#8220; alignment=&#8220;center&#8220; onclick=&#8220;custom_link&#8220; img_link_target=&#8220;_blank&#8220; el_class=&#8220;margin-bottom-0&#8243; link=&#8220;http:\/\/www.ms-cooper-shop.de\/&#8220;]<div id=\"la_divider69ddfd6c6154e\" class=\"js-el la-divider la-unit-responsive\" data-la_component=\"UnitResponsive\"  data-el_target='#la_divider69ddfd6c6154e'  data-el_media_sizes='{&quot;padding-top&quot;:&quot;lg:40px;&quot;}' ><\/div>\n[\/vc_column][vc_column width=&#8220;1\/2&#8243; css=&#8220;.vc_custom_1521077230501{margin-top: -20px !important;}&#8220;][vc_single_image image=&#8220;975&#8243; img_size=&#8220;full&#8220; onclick=&#8220;custom_link&#8220; img_link_target=&#8220;_blank&#8220; el_class=&#8220;margin-bottom-0&#8243; link=&#8220;http:\/\/www.ms-cooper-shop.de\/&#8220;][\/vc_column][\/vc_row][vc_row][vc_column]<div id=\"la_divider69ddfd6c6157d\" class=\"js-el la-divider la-unit-responsive\" data-la_component=\"UnitResponsive\"  data-el_target='#la_divider69ddfd6c6157d'  data-el_media_sizes='{&quot;padding-top&quot;:&quot;lg:50px;&quot;}' ><\/div>\n[\/vc_column][\/vc_row][vc_row full_width=&#8220;stretch_row&#8220; css=&#8220;.vc_custom_1550924948241{padding-top: 50px !important;padding-bottom: 25px !important;background-color: #f9f9f9 !important;}&#8220; el_id=&#8220;news&#8220;][vc_column width=&#8220;1\/2&#8243; css=&#8220;.vc_custom_1521087519499{padding-top: 0px !important;}&#8220;][vc_single_image image=&#8220;1184&#8243; img_size=&#8220;full&#8220;][\/vc_column][vc_column width=&#8220;1\/2&#8243;]<div id=\"la_heading_69ddfd6c615b3\" class=\"la-headings text-left\"><h3 class=\"js-el heading-tag la-unit-responsive letter-spacing--1\" style=\"\" >Aktuelles<\/h3><\/div>\n[\/vc_column][\/vc_row][vc_row full_width=&#8220;stretch_row&#8220; css=&#8220;.vc_custom_1536853346073{background-color: #97998c !important;}&#8220; el_id=&#8220;newsletter&#8220;][vc_column css=&#8220;.vc_custom_1521087519499{padding-top: 0px !important;}&#8220;]<div id=\"la_divider69ddfd6c615de\" class=\"js-el la-divider la-unit-responsive\" data-la_component=\"UnitResponsive\"  data-el_target='#la_divider69ddfd6c615de'  data-el_media_sizes='{&quot;padding-top&quot;:&quot;lg:25px;&quot;}' ><\/div>\n<div id=\"la_heading_69ddfd6c61625\" class=\"la-headings text-center\"><h3 class=\"js-el heading-tag la-unit-responsive letter-spacing--1\" style=\"\" >Newsletter<\/h3><div class=\"js-el subheading-tag la-unit-responsive\" style=\"\" ><p>Damit Sie immer auf dem Laufenden sind, informieren wir Sie gerne regelm\u00e4\u00dfig mit unserem Newsletter \u00fcber neue Ware<br \/>\noder besondere Aktionen. Klicken Sie einfach hier und schreiben uns eine E-Mail:<\/p>\n<p><span style=\"color: #ffffff;\"><strong><a style=\"color: #ffffff;\" title=\"mailto:info@ms-cooper.de?subject=Ich m\u00f6chte den Ms.Cooper-Newsletter bestellen!\" href=\"mailto:info@ms-cooper.de?subject=Ich%20m%C3%B6chte%20den%20Ms.Cooper-Newsletter%20bestellen!\">Hier den Ms.Cooper-Newsletter bestellen &gt;&gt;<\/a><\/strong><\/span><\/p>\n<p style=\"font-size: 9pt;\">Selbstverst\u00e4ndlich k\u00f6nnen Sie den Newsletter auch jederzeit wieder abbestellen!<\/p>\n<\/div><\/div>\n<div id=\"la_divider69ddfd6c61697\" class=\"js-el la-divider la-unit-responsive\" data-la_component=\"UnitResponsive\"  data-el_target='#la_divider69ddfd6c61697'  data-el_media_sizes='{&quot;padding-top&quot;:&quot;lg:35px;&quot;}' ><\/div>\n[\/vc_column][\/vc_row][vc_row full_width=&#8220;stretch_row&#8220; el_id=&#8220;marken&#8220;][vc_column css=&#8220;.vc_custom_1521087519499{padding-top: 0px !important;}&#8220;]<div id=\"la_divider69ddfd6c616c8\" class=\"js-el la-divider la-unit-responsive\" data-la_component=\"UnitResponsive\"  data-el_target='#la_divider69ddfd6c616c8'  data-el_media_sizes='{&quot;padding-top&quot;:&quot;lg:25px;&quot;}' ><\/div>\n<div id=\"la_heading_69ddfd6c616fe\" class=\"la-headings text-center\"><h3 class=\"js-el heading-tag la-unit-responsive letter-spacing--1\" style=\"\" >Marken<\/h3><div class=\"js-el subheading-tag la-unit-responsive\" style=\"\" ><p>Hier erhalten Sie eine \u00dcbersicht der Marken und Labels, die wir exklusiv f\u00fcr Sie f\u00fchren. Aus den Kollektionen w\u00e4hlen wir jeweils die sch\u00f6nsten Teile aus und achten besonders auf die Kombinierbarkeit untereinander.<\/p>\n<p>Wir bieten Ihnen ein breite Palette von Tops, Kleidern, Shirts, Hosen, R\u00f6cken, Strickjacken, Jeans, Blusen, Pullovern, Tuniken, T\u00fcchern, G\u00fcrteln, Schals, Stulpen, Schmuck, Schuhen u.v.m.<\/p>\n<p>Schauen Sie einfach in unserem\u00a0Laden\u00a0in Marklendorf vorbei &#8230;<\/p>\n<\/div><\/div>\n<div id=\"la_divider69ddfd6c61758\" class=\"js-el la-divider la-unit-responsive\" data-la_component=\"UnitResponsive\"  data-el_target='#la_divider69ddfd6c61758'  data-el_media_sizes='{&quot;padding-top&quot;:&quot;lg:35px;&quot;}' ><\/div>\n[\/vc_column][\/vc_row][vc_row full_width=&#8220;stretch_row_content&#8220; el_class=&#8220;la_row_gap_80&#8243; css=&#8220;.vc_custom_1536853560500{background-color: #f9f9f9 !important;}&#8220;][vc_column]<div id=\"la_carousel_206721464169ddfd6c61d0e\" class=\"la-carousel-wrapper la_carousel_horizontal slider-image-overlay slider-item-middle\" data-gutter=\"35\">\n    <div data-la_component=\"AutoCarousel\" class=\"js-el la-slick-slider\" data-slider_config=\"{&quot;slidesToShow&quot;:6,&quot;slidesToScroll&quot;:6,&quot;dots&quot;:false,&quot;autoplay&quot;:true,&quot;autoplaySpeed&quot;:5000,&quot;speed&quot;:300,&quot;infinite&quot;:true,&quot;arrows&quot;:false,&quot;swipe&quot;:true,&quot;draggable&quot;:true,&quot;touchMove&quot;:true,&quot;pauseOnHover&quot;:false,&quot;responsive&quot;:[{&quot;breakpoint&quot;:1824,&quot;settings&quot;:{&quot;slidesToShow&quot;:6,&quot;slidesToScroll&quot;:6}},{&quot;breakpoint&quot;:1200,&quot;settings&quot;:{&quot;slidesToShow&quot;:6,&quot;slidesToScroll&quot;:6}},{&quot;breakpoint&quot;:992,&quot;settings&quot;:{&quot;slidesToShow&quot;:3,&quot;slidesToScroll&quot;:3}},{&quot;breakpoint&quot;:768,&quot;settings&quot;:{&quot;slidesToShow&quot;:3,&quot;slidesToScroll&quot;:3}},{&quot;breakpoint&quot;:480,&quot;settings&quot;:{&quot;slidesToShow&quot;:3,&quot;slidesToScroll&quot;:3}}],&quot;pauseOnDotsHover&quot;:true}\">\n        [vc_single_image image=&#8220;924&#8243; img_size=&#8220;full&#8220; alignment=&#8220;center&#8220;][vc_single_image image=&#8220;925&#8243; img_size=&#8220;full&#8220; alignment=&#8220;center&#8220;][vc_single_image image=&#8220;926&#8243; img_size=&#8220;full&#8220; alignment=&#8220;center&#8220;][vc_single_image image=&#8220;927&#8243; img_size=&#8220;full&#8220; alignment=&#8220;center&#8220;][vc_single_image image=&#8220;928&#8243; img_size=&#8220;full&#8220; alignment=&#8220;center&#8220;][vc_single_image image=&#8220;929&#8243; img_size=&#8220;full&#8220; alignment=&#8220;center&#8220;][vc_single_image image=&#8220;930&#8243; img_size=&#8220;full&#8220; alignment=&#8220;center&#8220;][vc_single_image image=&#8220;931&#8243; img_size=&#8220;full&#8220; alignment=&#8220;center&#8220;][vc_single_image image=&#8220;932&#8243; img_size=&#8220;full&#8220; alignment=&#8220;center&#8220;][vc_single_image image=&#8220;933&#8243; img_size=&#8220;full&#8220; alignment=&#8220;center&#8220;][vc_single_image image=&#8220;934&#8243; img_size=&#8220;full&#8220; alignment=&#8220;center&#8220;][vc_single_image image=&#8220;935&#8243; img_size=&#8220;full&#8220; alignment=&#8220;center&#8220;]    <\/div>\n<\/div>\n<span data-la_component=\"InsertCustomCSS\" class=\"js-el hidden\">\n    #la_carousel_206721464169ddfd6c61d0e{\n        margin-left: -35px;\n        margin-right: -35px;\n    }\n    #la_carousel_206721464169ddfd6c61d0e .la-item-wrap.slick-slide{\n        padding-left: 35px;\n        padding-right: 35px;\n    }\n<\/span>[\/vc_column][\/vc_row][vc_row full_width=&#8220;stretch_row_content_no_spaces&#8220; el_id=&#8220;kontakt&#8220; css=&#8220;.vc_custom_1536856672772{background-color: #f9f9f9 !important;}&#8220;][vc_column][\/vc_column][\/vc_row]<\/p>\n","protected":false},"excerpt":{"rendered":"<p>[vc_row][vc_column][rev_slider_vc alias=&#8220;home-03&#8243;][\/vc_column][\/vc_row][vc_row][vc_column][vc_text_separator title=&#8220;Ms.Cooper \u2013 Kleider &amp; Kostbares&#8220; color=&#8220;custom&#8220; style=&#8220;shadow&#8220; accent_color=&#8220;#003554&#8243;][\/vc_column][\/vc_row][vc_row css=&#8220;.vc_custom_1536863000760{padding-right: 20px !important;padding-left: 20px !important;}&#8220; el_id=&#8220;ueber-uns&#8220;][vc_column width=&#8220;1\/2&#8243;][vc_single_image image=&#8220;982&#8243; img_size=&#8220;full&#8220; onclick=&#8220;custom_link&#8220;&hellip;<\/p>\n","protected":false},"author":3,"featured_media":0,"parent":0,"menu_order":0,"comment_status":"closed","ping_status":"closed","template":"","meta":[],"aioseo_notices":[],"_links":{"self":[{"href":"http:\/\/www.ms-cooper.de\/index.php?rest_route=\/wp\/v2\/pages\/71"}],"collection":[{"href":"http:\/\/www.ms-cooper.de\/index.php?rest_route=\/wp\/v2\/pages"}],"about":[{"href":"http:\/\/www.ms-cooper.de\/index.php?rest_route=\/wp\/v2\/types\/page"}],"author":[{"embeddable":true,"href":"http:\/\/www.ms-cooper.de\/index.php?rest_route=\/wp\/v2\/users\/3"}],"replies":[{"embeddable":true,"href":"http:\/\/www.ms-cooper.de\/index.php?rest_route=%2Fwp%2Fv2%2Fcomments&post=71"}],"version-history":[{"count":97,"href":"http:\/\/www.ms-cooper.de\/index.php?rest_route=\/wp\/v2\/pages\/71\/revisions"}],"predecessor-version":[{"id":1185,"href":"http:\/\/www.ms-cooper.de\/index.php?rest_route=\/wp\/v2\/pages\/71\/revisions\/1185"}],"wp:attachment":[{"href":"http:\/\/www.ms-cooper.de\/index.php?rest_route=%2Fwp%2Fv2%2Fmedia&parent=71"}],"curies":[{"name":"wp","href":"https:\/\/api.w.org\/{rel}","templated":true}]}}